{"id":186,"date":"2018-10-15T01:43:42","date_gmt":"2018-10-15T01:43:42","guid":{"rendered":"https:\/\/www.tempoeduca.cl\/?page_id=186"},"modified":"2019-10-09T16:50:22","modified_gmt":"2019-10-09T16:50:22","slug":"patios-interactivos","status":"publish","type":"page","link":"https:\/\/www.tempoeduca.cl\/index.php\/patios-interactivos\/","title":{"rendered":"Patios Interactivos"},"content":{"rendered":"<h4 style=\"text-align: center;\"><strong><span style=\"color: #3366ff;\">Los <\/span><span style=\"color: #ff6600;\">patios interactivos<\/span><span style=\"color: #3366ff;\"> est\u00e1n dise\u00f1ados de manera creativa y atractiva, enfocados en la estimulaci\u00f3n del<\/span> <span style=\"color: #ff6600;\">aprender haciendo<\/span> <span style=\"color: #3366ff;\">por parte del ni\u00f1o. Tambi\u00e9n son considerados como espacios exploratorios y significativos para el proceso educativo. <\/span><\/strong><\/h4>\n<h4 style=\"text-align: center;\"><strong><span style=\"color: #3366ff;\">Los <\/span><span style=\"color: #3366ff;\">patios interactivos<\/span><span style=\"color: #3366ff;\"> est\u00e1n pensados no solo como un lugar de actividades l\u00fadicas, sino tambi\u00e9n como un<\/span> <span style=\"color: #ff6600;\">est\u00edmulo de creatividad e imaginaci\u00f3n<\/span>. <\/strong><\/h4>\n<h4 style=\"text-align: center;\"><span style=\"color: #3366ff;\"><strong>A trav\u00e9s de estos proyectos, la instituci\u00f3n logra promover acciones de: <\/strong><\/span><\/h4>\n<h4 style=\"text-align: center;\"><strong><span style=\"color: #ff6600;\">Exploraci\u00f3n<\/span>\u00a0 <span style=\"color: #00ccff;\">\/\/<\/span> \u00a0<span style=\"color: #ff6600;\">Interacci\u00f3n con el Entorno <\/span><span style=\"color: #00ccff;\">\/\/<\/span><span style=\"color: #ff6600;\"> Desplazamientos y Recorridos Did\u00e1cticos <\/span><span style=\"color: #00ccff;\">\/\/<\/span> <span style=\"color: #ff6600;\">Estimulaci\u00f3n Sensorial<\/span><\/strong><\/h4>\n<p style=\"text-align: center;\"><img loading=\"lazy\" class=\"aligncenter wp-image-223\" src=\"https:\/\/www.tempoeduca.cl\/wp-content\/uploads\/2018\/10\/IMG_0129.jpg\" alt=\"\" width=\"1137\" height=\"640\" \/><\/p>\n<p><iframe width=\"700\" height=\"525\" src=\"https:\/\/www.youtube.com\/embed\/-X1FQmi2dck?start=9&#038;feature=oembed\" frameborder=\"0\" allow=\"accelerometer; autoplay; encrypted-media; gyroscope; picture-in-picture\" allowfullscreen><\/iframe><\/p>\n","protected":false},"excerpt":{"rendered":"<p>Los patios interactivos est\u00e1n dise\u00f1ados de manera creativa y atractiva, enfocados en la estimulaci\u00f3n del aprender haciendo por parte del ni\u00f1o. Tambi\u00e9n son considerados como espacios exploratorios y significativos para el proceso educativo. Los patios interactivos est\u00e1n pensados no solo como un lugar de actividades l\u00fadicas, sino tambi\u00e9n como un est\u00edmulo de creatividad e imaginaci\u00f3n. [&hellip;]<\/p>\n","protected":false},"author":1,"featured_media":0,"parent":0,"menu_order":0,"comment_status":"closed","ping_status":"closed","template":"","meta":{"_monsterinsights_skip_tracking":false,"_monsterinsights_sitenote_active":false,"_monsterinsights_sitenote_note":"","_monsterinsights_sitenote_category":0},"_links":{"self":[{"href":"https:\/\/www.tempoeduca.cl\/index.php\/wp-json\/wp\/v2\/pages\/186"}],"collection":[{"href":"https:\/\/www.tempoeduca.cl\/index.php\/wp-json\/wp\/v2\/pages"}],"about":[{"href":"https:\/\/www.tempoeduca.cl\/index.php\/wp-json\/wp\/v2\/types\/page"}],"author":[{"embeddable":true,"href":"https:\/\/www.tempoeduca.cl\/index.php\/wp-json\/wp\/v2\/users\/1"}],"replies":[{"embeddable":true,"href":"https:\/\/www.tempoeduca.cl\/index.php\/wp-json\/wp\/v2\/comments?post=186"}],"version-history":[{"count":7,"href":"https:\/\/www.tempoeduca.cl\/index.php\/wp-json\/wp\/v2\/pages\/186\/revisions"}],"predecessor-version":[{"id":286,"href":"https:\/\/www.tempoeduca.cl\/index.php\/wp-json\/wp\/v2\/pages\/186\/revisions\/286"}],"wp:attachment":[{"href":"https:\/\/www.tempoeduca.cl\/index.php\/wp-json\/wp\/v2\/media?parent=186"}],"curies":[{"name":"wp","href":"https:\/\/api.w.org\/{rel}","templated":true}]}}