{"id":183,"date":"2018-10-15T01:39:08","date_gmt":"2018-10-15T01:39:08","guid":{"rendered":"https:\/\/www.tempoeduca.cl\/?page_id=183"},"modified":"2018-10-23T19:08:11","modified_gmt":"2018-10-23T19:08:11","slug":"sala-tematica","status":"publish","type":"page","link":"https:\/\/www.tempoeduca.cl\/index.php\/sala-tematica\/","title":{"rendered":"Salas Tem\u00e1ticas"},"content":{"rendered":"<h4 style=\"text-align: center;\"><span style=\"color: #3366ff;\"><strong>El proyecto <\/strong><\/span><span style=\"color: #ff6600;\"><strong>\u201cSala Tem\u00e1tica de Ense\u00f1anza\u201d <\/strong><\/span><span style=\"color: #3366ff;\"><strong>tiene por objeto la implementaci\u00f3n de un espacio apropiado para el desarrollo de trabajo con material concreto <\/strong><\/span><strong><span style=\"color: #3366ff;\">para alumnos desde<\/span> <span style=\"color: #ff6600;\">Pre-b\u00e1sica Hasta 8\u00b0 a\u00f1o b\u00e1sico<\/span><\/strong><strong>.<\/strong><\/h4>\n<h4 style=\"text-align: center;\"><span style=\"color: #3366ff;\"><strong>Es una locaci\u00f3n acondicionada con el mobiliario necesario para el desarrollo de las actividades de aula.<\/strong><\/span><\/h4>\n<h4><span style=\"color: #3366ff;\">Dentro de las alternativas para la sala estar\u00edan:<\/span><\/h4>\n<p><span style=\"color: #3366ff;\"><strong><img loading=\"lazy\" class=\"wp-image-208 size-full alignleft\" src=\"https:\/\/www.tempoeduca.cl\/wp-content\/uploads\/2018\/10\/Sala-Tem\u00e1tica-2-1.jpg\" alt=\"\" width=\"400\" height=\"314\" \/><\/strong><\/span><\/p>\n<p>&nbsp;<\/p>\n<ul>\n<li><span style=\"color: #3366ff;\">Mesas<\/span><\/li>\n<li>\n<h4><span style=\"color: #3366ff;\"><strong>Sillas.<\/strong><\/span><\/h4>\n<\/li>\n<li>\n<h4><span style=\"color: #3366ff;\">Estaci\u00f3n del Profesor (Escritorio Funcional y Silla Ergon\u00f3mica).<\/span><\/h4>\n<\/li>\n<li>\n<h4><span style=\"color: #3366ff;\"><strong>Sistema de Audio (Parlantes y conexi\u00f3nes)<\/strong><\/span><\/h4>\n<\/li>\n<li>\n<h4><span style=\"color: #3366ff;\">Pared Magn\u00e9tica.<\/span><\/h4>\n<\/li>\n<li>\n<h4><span style=\"color: #3366ff;\"><strong>Data (Proyector y Notebook).<\/strong><\/span><\/h4>\n<\/li>\n<li>\n<h4><span style=\"color: #3366ff;\">Estanter\u00eda individualizada.<\/span><\/h4>\n<\/li>\n<\/ul>\n<p><img loading=\"lazy\" class=\"size-full wp-image-209 alignleft\" src=\"https:\/\/www.tempoeduca.cl\/wp-content\/uploads\/2018\/10\/Sala-Tem\u00e1tica-1.jpg\" alt=\"\" width=\"400\" height=\"270\" \/><\/p>\n<ul>\n<li>\n<h4><strong><span style=\"color: #3366ff;\">Basurero de reciclaje.<\/span><\/strong><\/h4>\n<\/li>\n<li>\n<h4><span style=\"color: #3366ff;\">Pintado de sala.<\/span><\/h4>\n<\/li>\n<li>\n<h4><strong><span style=\"color: #3366ff;\">Laboratorio de Recursos.<\/span><\/strong><\/h4>\n<\/li>\n<\/ul>\n<p>&nbsp;<\/p>\n<p>&nbsp;<\/p>\n<p>&nbsp;<\/p>\n<p>&nbsp;<\/p>\n<h6><em>(Fotos referenciales)<\/em><\/h6>\n","protected":false},"excerpt":{"rendered":"<p>El proyecto \u201cSala Tem\u00e1tica de Ense\u00f1anza\u201d tiene por objeto la implementaci\u00f3n de un espacio apropiado para el desarrollo de trabajo con material concreto para alumnos desde Pre-b\u00e1sica Hasta 8\u00b0 a\u00f1o b\u00e1sico. Es una locaci\u00f3n acondicionada con el mobiliario necesario para el desarrollo de las actividades de aula. Dentro de las alternativas para la sala estar\u00edan: [&hellip;]<\/p>\n","protected":false},"author":1,"featured_media":0,"parent":0,"menu_order":0,"comment_status":"closed","ping_status":"closed","template":"","meta":{"_monsterinsights_skip_tracking":false,"_monsterinsights_sitenote_active":false,"_monsterinsights_sitenote_note":"","_monsterinsights_sitenote_category":0},"_links":{"self":[{"href":"https:\/\/www.tempoeduca.cl\/index.php\/wp-json\/wp\/v2\/pages\/183"}],"collection":[{"href":"https:\/\/www.tempoeduca.cl\/index.php\/wp-json\/wp\/v2\/pages"}],"about":[{"href":"https:\/\/www.tempoeduca.cl\/index.php\/wp-json\/wp\/v2\/types\/page"}],"author":[{"embeddable":true,"href":"https:\/\/www.tempoeduca.cl\/index.php\/wp-json\/wp\/v2\/users\/1"}],"replies":[{"embeddable":true,"href":"https:\/\/www.tempoeduca.cl\/index.php\/wp-json\/wp\/v2\/comments?post=183"}],"version-history":[{"count":17,"href":"https:\/\/www.tempoeduca.cl\/index.php\/wp-json\/wp\/v2\/pages\/183\/revisions"}],"predecessor-version":[{"id":229,"href":"https:\/\/www.tempoeduca.cl\/index.php\/wp-json\/wp\/v2\/pages\/183\/revisions\/229"}],"wp:attachment":[{"href":"https:\/\/www.tempoeduca.cl\/index.php\/wp-json\/wp\/v2\/media?parent=183"}],"curies":[{"name":"wp","href":"https:\/\/api.w.org\/{rel}","templated":true}]}}